{"id":6424,"date":"2024-03-21T20:47:07","date_gmt":"2024-03-21T19:47:07","guid":{"rendered":"https:\/\/ypp.lukaszwronski.com\/zwroty-i-reklamacje\/"},"modified":"2024-07-15T16:01:42","modified_gmt":"2024-07-15T14:01:42","slug":"returns-and-complaints","status":"publish","type":"page","link":"https:\/\/ypp.com.pl\/en\/returns-and-complaints\/","title":{"rendered":"Returns and complaints"},"content":{"rendered":"<style>.kb-row-layout-id13_c6a2c9-80 > .kt-row-column-wrap{align-content:center;}:where(.kb-row-layout-id13_c6a2c9-80 > .kt-row-column-wrap) > .wp-block-kadence-column{justify-content:center;}.kb-row-layout-id13_c6a2c9-80 > .kt-row-column-wrap{column-gap:var(--global-kb-gap-md, 2rem);row-gap:var(--global-kb-gap-md, 2rem);max-width:var( --global-content-width, 1290px );padding-left:var(--global-content-edge-padding);padding-right:var(--global-content-edge-padding);padding-top:var(--global-kb-spacing-xxl, 5rem);padding-bottom:var(--global-kb-spacing-xxl, 5rem);grid-template-columns:minmax(0, calc(45% - ((var(--global-kb-gap-md, 2rem) * 1 )\/2)))minmax(0, calc(55% - ((var(--global-kb-gap-md, 2rem) * 1 )\/2)));}.kb-row-layout-id13_c6a2c9-80{background-image:url('https:\/\/ypp.com.pl\/wp-content\/uploads\/2024\/05\/beautiful-arrangement-different-books-scaled.jpg');background-size:cover;background-position:74% 64%;background-attachment:scroll;background-repeat:no-repeat;}.kb-row-layout-id13_c6a2c9-80 > .kt-row-layout-overlay{opacity:1;background:linear-gradient(90deg,var(--global-palette8,#F7FAFC) 41%,rgba(247,250,252,0) 100%);}@media all and (max-width: 1024px){.kb-row-layout-id13_c6a2c9-80 > .kt-row-column-wrap{grid-template-columns:minmax(0, 1fr);}}@media all and (max-width: 1024px){.kb-row-layout-id13_c6a2c9-80 > .kt-row-layout-overlay{opacity:1;background:linear-gradient(180deg,var(--global-palette8,#F7FAFC) 53%,rgba(247,250,252,0) 100%);}}@media all and (max-width: 767px){.kb-row-layout-id13_c6a2c9-80 > .kt-row-column-wrap{grid-template-columns:minmax(0, 1fr);}}<\/style><div class=\"kb-row-layout-wrap kb-row-layout-id13_c6a2c9-80 alignfull kt-row-has-bg wp-block-kadence-rowlayout\"><div class=\"kt-row-layout-overlay kt-row-overlay-gradient\"><\/div><div class=\"kt-row-column-wrap kt-has-2-columns kt-row-layout-equal kt-tab-layout-row kt-mobile-layout-row kt-row-valign-middle kb-theme-content-width\">\n<style>.kadence-column13_cbb48e-38 > .kt-inside-inner-col,.kadence-column13_cbb48e-38 > .kt-inside-inner-col:before{border-top-left-radius:0px;border-top-right-radius:0px;border-bottom-right-radius:0px;border-bottom-left-radius:0px;}.kadence-column13_cbb48e-38 > .kt-inside-inner-col{column-gap:var(--global-kb-gap-sm, 1rem);}.kadence-column13_cbb48e-38 > .kt-inside-inner-col{flex-direction:column;}.kadence-column13_cbb48e-38 > .kt-inside-inner-col > .aligncenter{width:100%;}.kadence-column13_cbb48e-38 > .kt-inside-inner-col:before{opacity:0.3;}.kadence-column13_cbb48e-38{position:relative;}@media all and (max-width: 1024px){.kadence-column13_cbb48e-38{text-align:center;}}@media all and (max-width: 1024px){.kadence-column13_cbb48e-38 > .kt-inside-inner-col{flex-direction:column;justify-content:center;}}@media all and (max-width: 767px){.kadence-column13_cbb48e-38 > .kt-inside-inner-col{flex-direction:column;justify-content:center;}}<\/style>\n<div class=\"wp-block-kadence-column kadence-column13_cbb48e-38 kb-section-dir-vertical inner-column-1\"><div class=\"kt-inside-inner-col\"><style>.wp-block-kadence-advancedheading.kt-adv-heading13_8b331a-84, .wp-block-kadence-advancedheading.kt-adv-heading13_8b331a-84[data-kb-block=\"kb-adv-heading13_8b331a-84\"]{margin-top:0px;margin-bottom:var(--global-kb-spacing-lg, 3rem);font-size:var(--global-kb-font-size-xl, 3rem);line-height:1.2;font-style:normal;}.wp-block-kadence-advancedheading.kt-adv-heading13_8b331a-84 mark.kt-highlight, .wp-block-kadence-advancedheading.kt-adv-heading13_8b331a-84[data-kb-block=\"kb-adv-heading13_8b331a-84\"] mark.kt-highlight{font-style:normal;color:#f76a0c;-webkit-box-decoration-break:clone;box-decoration-break:clone;padding-top:0px;padding-right:0px;padding-bottom:0px;padding-left:0px;}@media all and (max-width: 1024px){.wp-block-kadence-advancedheading.kt-adv-heading13_8b331a-84, .wp-block-kadence-advancedheading.kt-adv-heading13_8b331a-84[data-kb-block=\"kb-adv-heading13_8b331a-84\"]{text-align:center!important;}}<\/style>\n<h1 class=\"kt-adv-heading13_8b331a-84 wp-block-kadence-advancedheading has-theme-palette-3-color has-text-color\" data-kb-block=\"kb-adv-heading13_8b331a-84\">Returns and complaints<\/h1>\n<\/div><\/div>\n\n\n<style>.kadence-column13_53dd0b-f2 > .kt-inside-inner-col,.kadence-column13_53dd0b-f2 > .kt-inside-inner-col:before{border-top-left-radius:0px;border-top-right-radius:0px;border-bottom-right-radius:0px;border-bottom-left-radius:0px;}.kadence-column13_53dd0b-f2 > .kt-inside-inner-col{column-gap:var(--global-kb-gap-sm, 1rem);}.kadence-column13_53dd0b-f2 > .kt-inside-inner-col{flex-direction:column;}.kadence-column13_53dd0b-f2 > .kt-inside-inner-col > .aligncenter{width:100%;}.kadence-column13_53dd0b-f2 > .kt-inside-inner-col:before{opacity:0.3;}.kadence-column13_53dd0b-f2{position:relative;}@media all and (max-width: 1024px){.kadence-column13_53dd0b-f2 > .kt-inside-inner-col{flex-direction:column;justify-content:center;}}@media all and (max-width: 767px){.kadence-column13_53dd0b-f2 > .kt-inside-inner-col{flex-direction:column;justify-content:center;}}<\/style>\n<div class=\"wp-block-kadence-column kadence-column13_53dd0b-f2\"><div class=\"kt-inside-inner-col\"><\/div><\/div>\n\n<\/div><\/div><style>.kb-row-layout-id13_d6bc2b-55 > .kt-row-column-wrap{align-content:start;}:where(.kb-row-layout-id13_d6bc2b-55 > .kt-row-column-wrap) > .wp-block-kadence-column{justify-content:start;}.kb-row-layout-id13_d6bc2b-55 > .kt-row-column-wrap{column-gap:var(--global-kb-gap-md, 2rem);row-gap:var(--global-kb-gap-md, 2rem);max-width:var( --global-content-width, 1290px );padding-left:var(--global-content-edge-padding);padding-right:var(--global-content-edge-padding);padding-top:var(--global-kb-spacing-xxl, 5rem);padding-bottom:var(--global-kb-spacing-xxl, 5rem);grid-template-columns:minmax(0, 1fr);}.kb-row-layout-id13_d6bc2b-55 > .kt-row-layout-overlay{opacity:0.30;}@media all and (max-width: 1024px){.kb-row-layout-id13_d6bc2b-55 > .kt-row-column-wrap{grid-template-columns:minmax(0, 1fr);}}@media all and (max-width: 767px){.kb-row-layout-id13_d6bc2b-55 > .kt-row-column-wrap{grid-template-columns:minmax(0, 1fr);}}<\/style><div class=\"kb-row-layout-wrap kb-row-layout-id13_d6bc2b-55 alignnone wp-block-kadence-rowlayout\"><div class=\"kt-row-column-wrap kt-has-1-columns kt-row-layout-equal kt-tab-layout-inherit kt-mobile-layout-row kt-row-valign-top kb-theme-content-width\">\n<style>.kadence-column13_32be77-3d > .kt-inside-inner-col,.kadence-column13_32be77-3d > .kt-inside-inner-col:before{border-top-left-radius:0px;border-top-right-radius:0px;border-bottom-right-radius:0px;border-bottom-left-radius:0px;}.kadence-column13_32be77-3d > .kt-inside-inner-col{column-gap:var(--global-kb-gap-sm, 1rem);}.kadence-column13_32be77-3d > .kt-inside-inner-col{flex-direction:column;}.kadence-column13_32be77-3d > .kt-inside-inner-col > .aligncenter{width:100%;}.kadence-column13_32be77-3d > .kt-inside-inner-col:before{opacity:0.3;}.kadence-column13_32be77-3d{position:relative;}@media all and (max-width: 1024px){.kadence-column13_32be77-3d > .kt-inside-inner-col{flex-direction:column;justify-content:center;}}@media all and (max-width: 767px){.kadence-column13_32be77-3d > .kt-inside-inner-col{flex-direction:column;justify-content:center;}}<\/style>\n<div class=\"wp-block-kadence-column kadence-column13_32be77-3d\"><div class=\"kt-inside-inner-col\"><style>.wp-block-kadence-advancedheading.kt-adv-heading13_8fc7cc-5d, .wp-block-kadence-advancedheading.kt-adv-heading13_8fc7cc-5d[data-kb-block=\"kb-adv-heading13_8fc7cc-5d\"]{font-style:normal;}.wp-block-kadence-advancedheading.kt-adv-heading13_8fc7cc-5d mark.kt-highlight, .wp-block-kadence-advancedheading.kt-adv-heading13_8fc7cc-5d[data-kb-block=\"kb-adv-heading13_8fc7cc-5d\"] mark.kt-highlight{font-style:normal;color:#f76a0c;-webkit-box-decoration-break:clone;box-decoration-break:clone;padding-top:0px;padding-right:0px;padding-bottom:0px;padding-left:0px;}<\/style>\n<p class=\"kt-adv-heading13_8fc7cc-5d wp-block-kadence-advancedheading\" data-kb-block=\"kb-adv-heading13_8fc7cc-5d\">Oferujemy tylko pe\u0142nowarto\u015bciowy towar. Je\u015bli jednak okaza\u0142oby si\u0119, \u017ce nasz produkt posiada jakie\u015b wady ukryte, prosimy o kontakt w ci\u0105gu 14 dni od daty zakupu, drog\u0105 mailow\u0105 na adres <strong><a href=\"mailto:order@ypp.com.pl\" target=\"_blank\" rel=\"noreferrer noopener\">order@ypp.com.pl<\/a> <br\/><br\/><\/strong>Prosimy o opis wady i je\u015bli to mo\u017cliwe za\u0142\u0105cznone zdj\u0119cie. Reklamacja zostanie rozpatrzona w ci\u0105gu 14 dni od otrzymania informacji przez Yellow Point Publications. Ka\u017cda spraw jest rozpatrywana indywidualnie.<\/p>\n<\/div><\/div>\n\n<\/div><\/div>","protected":false},"excerpt":{"rendered":"<p>Returns and complaints Oferujemy tylko pe\u0142nowarto\u015bciowy towar. Je\u015bli jednak okaza\u0142oby si\u0119, \u017ce nasz produkt posiada jakie\u015b wady ukryte, prosimy o kontakt w ci\u0105gu 14 dni od daty zakupu, drog\u0105 mailow\u0105 na adres order@ypp.com.pl Prosimy o opis wady i je\u015bli to mo\u017cliwe za\u0142\u0105cznone zdj\u0119cie. Reklamacja zostanie rozpatrzona w ci\u0105gu 14 dni od otrzymania informacji przez Yellow&#8230;<\/p>\n","protected":false},"author":1,"featured_media":0,"parent":0,"menu_order":0,"comment_status":"closed","ping_status":"closed","template":"","meta":{"_acf_changed":false,"_kad_blocks_custom_css":"","_kad_blocks_head_custom_js":"","_kad_blocks_body_custom_js":"","_kad_blocks_footer_custom_js":"","_kadence_starter_templates_imported_post":false,"_kad_post_transparent":"","_kad_post_title":"","_kad_post_layout":"","_kad_post_sidebar_id":"","_kad_post_content_style":"","_kad_post_vertical_padding":"","_kad_post_feature":"","_kad_post_feature_position":"","_kad_post_header":false,"_kad_post_footer":false,"footnotes":""},"class_list":["post-6424","page","type-page","status-publish","hentry"],"acf":[],"taxonomy_info":[],"featured_image_src_large":false,"author_info":{"display_name":"\u0141ukasz Testowy Wro\u0144ski","author_link":"https:\/\/ypp.com.pl\/en\/author\/kontaktlukaszwronski-com\/"},"comment_info":0,"_links":{"self":[{"href":"https:\/\/ypp.com.pl\/en\/wp-json\/wp\/v2\/pages\/6424","targetHints":{"allow":["GET"]}}],"collection":[{"href":"https:\/\/ypp.com.pl\/en\/wp-json\/wp\/v2\/pages"}],"about":[{"href":"https:\/\/ypp.com.pl\/en\/wp-json\/wp\/v2\/types\/page"}],"author":[{"embeddable":true,"href":"https:\/\/ypp.com.pl\/en\/wp-json\/wp\/v2\/users\/1"}],"replies":[{"embeddable":true,"href":"https:\/\/ypp.com.pl\/en\/wp-json\/wp\/v2\/comments?post=6424"}],"version-history":[{"count":3,"href":"https:\/\/ypp.com.pl\/en\/wp-json\/wp\/v2\/pages\/6424\/revisions"}],"predecessor-version":[{"id":14404,"href":"https:\/\/ypp.com.pl\/en\/wp-json\/wp\/v2\/pages\/6424\/revisions\/14404"}],"wp:attachment":[{"href":"https:\/\/ypp.com.pl\/en\/wp-json\/wp\/v2\/media?parent=6424"}],"curies":[{"name":"wp","href":"https:\/\/api.w.org\/{rel}","templated":true}]}}