{"id":14641,"date":"2024-08-26T10:47:59","date_gmt":"2024-08-26T08:47:59","guid":{"rendered":"https:\/\/ypp.com.pl\/archeologiczne-zeszyty-sprawozdawcze-1-2024\/"},"modified":"2024-08-26T11:57:27","modified_gmt":"2024-08-26T09:57:27","slug":"azs-1-2024","status":"publish","type":"product","link":"https:\/\/ypp.com.pl\/en\/azs-1-2024\/","title":{"rendered":"Archeologiczne Zeszyty Sprawozdawcze 1\/2024"},"content":{"rendered":"\n<h2 class=\"wp-block-heading\">Publisher&#8217;s Foreword<\/h2>\n\n<p>Dear Readers,<\/p>\n\n<p>I am pleased to present to you the first issue of Archeological Report Notebooks, a new biannual publication that will feature reports, reviews, and announcements. While this is not a new concept, it is one that has been disappearing over time. Since the changes in the evaluation system for academic staff, journals that used to publish so-called &#8220;material papers&#8221; have started to fade away, transforming into problem-oriented journals. Archeological Report Notebooks aims to fill this gap.&#13;\n&#13;\nThe idea for AZS was born two years ago from the belief that some archaeological discoveries remain locked in boxes and will never see the light of day unless there is a platform that welcomes them without the need for an excessively broad context. When the idea finally matured and the news of AZS\u2019s creation was posted online, it quickly spread, garnering widespread positive feedback. This only reinforced my conviction that I had made the right decision.&#13;\n&#13;\nI intend for Archeological Report Notebooks to be published twice a year, in June and December. The journal will feature texts on research shortly after its completion and artifacts that await further study. I am confident that AZS will reach field archaeologists and museum professionals, and it will also serve academics as a source of materials for problem-based research. The subject matter covers a broad scope of archaeology without territorial or chronological limitations. Many archaeologists have texts stored away in their drawers, and now it is time to bring them out. We welcome ongoing submissions and encourage you to send your articles via email to the publisher&#8217;s address.&#13;\n&#13;\nYou are holding the first issue of Archeological Report Notebooks. It consists of six articles from across Poland, covering topics from the Neolithic to modern times. The articles are divided into two sections. The first is &#8220;Research,&#8221; where you will find texts on fieldwork, and the second is &#8220;Artifacts,&#8221; which features articles on individual finds or groups of finds with common characteristics. In the future, more sections will be added, but at this stage, the two-category division is sufficient.&#13;\n&#13;\nI would like to thank the authors for their trust and enthusiasm, as well as the editorial committee and reviewers for their support. It is a great joy to work with committed individuals in a positive atmosphere. I am confident that this is the first of many forewords from the publisher that I will prepare.<\/p>\n\n<p>Editor-in-Chief<br\/>Natalia Sawicka<\/p>\n\n<h2 class=\"wp-block-heading\">Contents of the Issue<\/h2>\n\n<p><strong>Research<\/strong><\/p>\n\n<p><strong>Justyna Baron, Marcin Bohr, Kamila Gaczorek, Aleksandra Hrynkiewicz-Bogenryter, Gabriela Wojciechowska<br\/>Sprawozdanie z\u00a0bada\u0144 wykopaliskowych przeprowadzonych w\u00a0latach 2014-2018 na osadzie z\u00a0epoki br\u0105zu w\u00a0Ruszowicach w\u00a0powiecie k\u0142odzkim na stanowisku 5 (AZP 93-24\/32)<\/strong><\/p>\n\n<p>Excavations at the Ruszowice 5 site, conducted between 2014 and 2018 by staff from the Institute of Archaeology, University of Wroc\u0142aw, with the participation of students, led to the discovery of a\u00a0Bronze Age settlement. Seven trenches were opened during the investigation, and three hundred and twenty-one immovable features were explored, including the outlines of two dwellings. The movable artefacts, collected from the surface, the plough layer, and the cultural layer, mostly comprised ceramic fragments and pieces of daub. Additionally, flint and metal artefacts, as well as two stone axes, were discovered. These findings provide valuable insights into the settlement and daily life during the Bronze Age in the area of present-day Poland.&#13;\n<\/p>\n\n<p><strong>Rados\u0142aw Ku\u017abik<br\/>Dwa zespo\u0142y grobowe z\u00a0cmentarzyska Wroc\u0142aw- Starachowice ul. Rdestowa<\/strong><\/p>\n\n<p>In this article, issues regarding funeral customs during the cultural transformation occurring at the turn of the Early and Late Bronze Age are discussed. Two cremation graves, discovered in 2017 during rescue excavations at the Wroc- \u0142aw-Strachowice cemetery on Rdestowa Street, were used as examples. This discovery provides new insights into the Early Urnfield period in central Silesia.&#13;\n<\/p>\n\n<p><strong>Jakub Mosiejczyk, \u0141ukasz Po\u0142czy\u0144ski, Effimia Angeli<br\/>Wyniki sonda\u017cowych bada\u0144 archeologicznych przeprowadzonych w\u00a02022 roku w\u00a0otoczeniu Pa\u0142acu Biskupiego we W\u0142oc\u0142awku<\/strong><\/p>\n\n<p>Results of the archaeological research carried out in 2022 near the Bishop\u2019s Palace in W\u0142oc\u0142awek\u00a0&#13;\nConsidering the archaeological discoveries made so far, W\u0142oc\u0142awek is among the oldest cities in Poland. The area of the Old Town of W\u0142oc\u0142awek and the Bishop\u2019s Palace were founded on an early medieval settlement, known as site no. 1. During the urban development, a\u00a0defensive residence was built, reflecting the strategic and commercial importance of the town on the left bank of the Vistula River. As the seat of the Kujavia region, W\u0142oc\u0142awek served key administrative functions in the kingdom restored by Casimir I\u00a0the Restorer. In 1123, Boles\u0142aw III Wrymouth established W\u0142oc\u0142awek as the capital of a\u00a0bishopric, a\u00a0development that included the construction of a\u00a0Romanesque-style cathedral. In the 14th century, the Piast royal town was set aside for the construction of a\u00a0bishop\u2019s castle.&#13;\nThis paper presents the latest archaeological works in the Old Town of W\u0142oc\u0142awek. Excavations were carried out in 2022 near the site of the former Piast princely castrum, the later castle, and, finally, the bishop\u2019s residence with its commercial facilities (street 6 Gda\u0144ska). The investigation was implemented through a\u00a0rescue excavation for the documentation of the stratigraphy, the architectural remains, and the moveable artefacts of former human activity in the area. Three test trenches of 2.5 \u00d7 2.5 m, with a\u00a0total research area of no more than 20 m2, were located near the building. The investigation resulted in the preservation of architectural remains in their original location, together with their registration, photography, and descriptive and illustrative documentation. &#13;\nThe results of this archaeological effort, as well as the background of archaeological activity in the area, are briefly discussed in this paper. Among the most notable artefacts were a\u00a0small collection of decorated stove tiles and a\u00a0cannonball dated to the XVII-XVIII centuries.&#13;\n<\/p>\n\n<p><\/p>\n\n<p><strong>Artifacts<\/strong><\/p>\n\n<p><strong>Ewa Lisowska<br\/>Neolityczny toporek z\u00a0okolic Przeworna, gm. Strzelin<\/strong><\/p>\n\n<p>In the summer of 2015, during archaeological research conducted in the Przeworno area, one of its residents provided a stone axe for analysis. The artifact, a family heirloom, was privately owned and discovered in the mid-20th century in the fields near Przeworno\u2014though the current owner could not specify the exact location of its discovery. Despite the incomplete data regarding the findspot, the artifact, due to its very good state of preservation, represents a valuable addition to the knowledge of the Neolithic period in the Strzelin Hills.<\/p>\n\n<p><strong>Daniel Czernek, Jacek Pikulski, Marek Trojan<br\/>\u201eK\u00f3\u0142ka w\u00a0k\u00f3\u0142ka\u201d\u2013 problematyka ornamentowych metalowych kr\u0105\u017ck\u00f3w z\u00a0obszaru centralnej Ma\u0142opolski<\/strong><\/p>\n\n<p>This article concerns enigmatic artifacts, which have been found in the central part of historic Lesser Poland (Ma\u0142opolska) throughout the last decade. They were made of bronze alloy and have a\u00a0flat, circular (annular) shape with large, mostly regular, round hole in a\u00a0central part. All of them are ornamented with multiple smaller, concentric circles. So far 78 such items, preserved mostly in pieces, have been registered. Currently, due to the discovery context of these finds it is hard to determine their chronology and cultural context. It is possible, however, concerning their presence in a\u00a0specific area, that those artifacts were once elements of a\u00a0regional outfit, probably medieval \/ post-medieval\/ modern. One should also note that in many cases those artifacts were discovered in the context of military finds, such as spurs. The authors\u2019 goal is to draw researchers\u2019 attention to such items.&#13;\n<\/p>\n\n<p><strong>Micha\u0142 Lis, Jakub R\u0105pa\u0142a<br\/>Medalik \u015bw. Antoniego Padewskiego z\u00a0bada\u0144 archeologicznych na Wawelu<\/strong><\/p>\n\n<p>During 2023 and 2024, comprehensive research was conducted in areas VII and VIII of Wawel Hill. These investigations were directly connected to the initiation and continuation of a project aimed at making the archaeological reserves within the &#8220;mi\u0119dzymurze&#8221; (the area between the walls) accessible to the public (Firlet 1993, 9-15). The archaeological work in the &#8220;mi\u0119dzymurze&#8221; began in July 2023 and is scheduled to continue until September 2024 as part of the Wawel Underground project (Wawel Podziemny, 2024). Four research excavations were carried out in areas where the infrastructure of the tourist route and the exposure of architectural relics located in Wawel\u2019s reserves were planned. In December 2023, work began in trench no. 2\/23-24 for the construction of a connector between reserves 1 and 2. The stratigraphy explored in this trench reflects features of 19th-century Austrian backfill, which served as infill for the &#8220;kleszczowy&#8221; wall (Firlet 1993, 76-80). The artifacts themselves were redeposited in the 19th century during the expansion of Wawel\u2019s fortifications. Among the collected early modern artifacts, a medal depicting St. Anthony of Padua is particularly noteworthy.<\/p>\n","protected":false},"excerpt":{"rendered":"<p>Publisher&#8217;s Foreword Dear Readers, I am pleased to present to you the first issue of Archeological Report Notebooks, a new biannual publication that will feature reports, reviews, and announcements. While this is not a new concept, it is one that has been disappearing over time. Since the changes in the evaluation system for academic staff,&#8230;<\/p>\n","protected":false},"featured_media":14625,"comment_status":"open","ping_status":"closed","template":"","meta":{"_acf_changed":false,"_kad_blocks_custom_css":"","_kad_blocks_head_custom_js":"","_kad_blocks_body_custom_js":"","_kad_blocks_footer_custom_js":"","_kadence_starter_templates_imported_post":false,"_kad_post_transparent":"","_kad_post_title":"","_kad_post_layout":"","_kad_post_sidebar_id":"","_kad_post_content_style":"","_kad_post_vertical_padding":"","_kad_post_feature":"","_kad_post_feature_position":"","_kad_post_header":false,"_kad_post_footer":false},"product_brand":[],"product_cat":[369,359],"product_tag":[],"class_list":{"0":"post-14641","1":"product","2":"type-product","3":"status-publish","4":"has-post-thumbnail","6":"product_cat-archeology","7":"product_cat-our-publications","9":"first","10":"instock","11":"taxable","12":"shipping-taxable","13":"purchasable","14":"product-type-simple","15":"entry","16":"content-bg","17":"loop-entry"},"acf":[],"taxonomy_info":{"product_cat":[{"value":369,"label":"Archeology"},{"value":359,"label":"Our publications"}]},"featured_image_src_large":["https:\/\/ypp.com.pl\/wp-content\/uploads\/2024\/08\/okladka-na-strone-1024x1024.jpg",1024,1024,true],"author_info":[],"comment_info":0,"_links":{"self":[{"href":"https:\/\/ypp.com.pl\/en\/wp-json\/wp\/v2\/product\/14641","targetHints":{"allow":["GET"]}}],"collection":[{"href":"https:\/\/ypp.com.pl\/en\/wp-json\/wp\/v2\/product"}],"about":[{"href":"https:\/\/ypp.com.pl\/en\/wp-json\/wp\/v2\/types\/product"}],"replies":[{"embeddable":true,"href":"https:\/\/ypp.com.pl\/en\/wp-json\/wp\/v2\/comments?post=14641"}],"wp:featuredmedia":[{"embeddable":true,"href":"https:\/\/ypp.com.pl\/en\/wp-json\/wp\/v2\/media\/14625"}],"wp:attachment":[{"href":"https:\/\/ypp.com.pl\/en\/wp-json\/wp\/v2\/media?parent=14641"}],"wp:term":[{"taxonomy":"product_brand","embeddable":true,"href":"https:\/\/ypp.com.pl\/en\/wp-json\/wp\/v2\/product_brand?post=14641"},{"taxonomy":"product_cat","embeddable":true,"href":"https:\/\/ypp.com.pl\/en\/wp-json\/wp\/v2\/product_cat?post=14641"},{"taxonomy":"product_tag","embeddable":true,"href":"https:\/\/ypp.com.pl\/en\/wp-json\/wp\/v2\/product_tag?post=14641"}],"curies":[{"name":"wp","href":"https:\/\/api.w.org\/{rel}","templated":true}]}}