{"id":15375,"date":"2025-11-12T23:45:44","date_gmt":"2025-11-12T22:45:44","guid":{"rendered":"https:\/\/ypp.com.pl\/a-united-europe-of-things-2-further-consideration-of-medieval-small-finds-from-a-pan-european-perspective-eds-michael-lewis-maria-vargha-jakub-sawicki\/"},"modified":"2025-11-28T22:06:47","modified_gmt":"2025-11-28T21:06:47","slug":"a-united-europe-of-things-2-further-consideration-of-medieval-small-finds-from-a-pan-european-perspective-eds-michael-lewis-maria-vargha-jakub-sawicki","status":"publish","type":"product","link":"https:\/\/ypp.com.pl\/en\/a-united-europe-of-things-2-further-consideration-of-medieval-small-finds-from-a-pan-european-perspective-eds-michael-lewis-maria-vargha-jakub-sawicki\/","title":{"rendered":"A United Europe of Things 2: further consideration of medieval small finds from a pan-European perspective Eds. Michael Lewis, M\u00e1ria Vargha, Jakub Sawicki"},"content":{"rendered":"\n<p>This book builds on the first volume &#8211; A United Europe of Things: portable material culture across Medieval Europe, published by Springer in 2023 &#8211; offering articles on medieval small finds from across Europe. This earlier book drew together papers presented at various Annual Meetings of the European Association of Archaeologists (EAA) sponsored by the Medieval European Research Community (MERC). This new volume does likewise, as well as including some shorter papers following a \u2018call\u2019 within the growing community of the European Medieval Finds (EMF) network.<\/p>\n\n<p> Since 2023, another successful session, entitled United Europe of Things? Materialities Creating Medieval Ritual Landscapes, was organised at the EAA in Rome (2024). This combined the theme of a \u2018united Europe of things\u2019 with a special focus on \u2018persistence and change in medieval ritual landscapes\u2019 to tie in with the Arts &amp; Humanities Research Council (AHRC) funded \u2018Medieval Ritual Landscape\u2019 (MeRit) project run by the University of Reading with the British Museum; one of us (Michael) is co-investigator. Besides the three of us (Michael, Maria and Jakub), this session was organised by Robert Webley (University of Reading, the post-doctoral researcher on MeRit) and Petar Parvanov (Bulgarian Academy of Sciences). It included 18 papers from 21 scholars based in Austria, the Czech Republic, Denmark, Estonia, the Netherlands, Slovakia, Spain, Sweden and the UK. The next EAA session in Belgrade (2025) is again being organised by us three, this time with Sa\u0161a \u010caval (Slovenian Academy of Sciences &amp; MERC Committee). This will focus on the shared and diverse experiences of medieval life, emphasising the ability of material culture &#8211; especially metal finds &#8211; to reveal the interconnected nature of European societies in the Middle Ages.<\/p>\n\n<p>Because we believe that science should be accessible, the book has been fully published in the <a href=\"https:\/\/zenodo.org\/records\/17012451\" data-type=\"link\" data-id=\"https:\/\/zenodo.org\/records\/17012451\" target=\"_blank\" rel=\"noopener\"> ZENODO<\/a> database, and the publisher has not charged any fees for their work. If you want to support our work, please order a paper copy.<\/p>\n\n<p>Content<\/p>\n\n<p>Michael Lewis, Introduction<\/p>\n\n<p>Milica Radi\u0161i\u0107, Why Did It Become So Popular? Twisted and Braided Jewellery from the Formative Period of the Hungarian State in the Carpathian Basin.<\/p>\n\n<p>Daniela Marcu Istrate, Keeping Memory, Fastening Clothes: Two Eight-Pointed Star-Shaped Brooches as Funerary Goods from the Medieval Cemetery in Alba Iulia (P\u00e9ter Levente Sz\u0151cs, Late Medieval and Early Modern Pins from Satu Mare County (Romania) and its Surroundings:variations of forms, decoration and function<\/p>\n\n<p>Rados\u0142aw Zdaniewicz, Dress Accessories from the 14th-15th century Motte and Bailey Castle of Ciochowice, Upper Silesia (Poland)<\/p>\n\n<p>Anastasia Fedorina &amp; Nikolay Makarov, Suzdal (Russia) Archangels: between the symbolism and spatial distribution<\/p>\n\n<p>Mette H\u00f8jmark S\u00f8vs\u00f8, The Afterlife of Pilgrim Signs in Europe: use, re-use and ritual practice<\/p>\n\n<p>Michael Lewis, Lettering on Late Medieval Lead Ampullae: English and Welsh finds within a European context<\/p>\n\n<p>Rob Webley, Therein Lies the Point: a study of knife sheath chapes from cross-Channel Europe<\/p>\n\n<p>M\u00e1ria Vargha, Striking Impressions: tools of a metalworker from medieval rural Hungary<\/p>\n\n<p>Dana Piessens, Gauged Stoneware Measures from the Low Countries: a lesser-known category of finds<\/p>\n\n<p>Fabian Brenker, Everyday Objects: traces of wear as sources for daily use of artefacts<\/p>\n\n<p>Jasmin \u00d6zyurt, Claudia Perstling, Bendeguz Tobias, Kathrin Siegl, Ralf Totschnig,<\/p>\n\n<p>Carla Warbanoff &amp; Raphael Wedam, Out of Context: medieval small finds from Apetlon, Burgenland, Austria<\/p>\n\n<p><\/p>\n","protected":false},"excerpt":{"rendered":"<p>This book builds on the first volume &#8211; A United Europe of Things: portable material culture across Medieval Europe, published by Springer in 2023 &#8211; offering articles on medieval small finds from across Europe. This earlier book drew together papers presented at various Annual Meetings of the European Association of Archaeologists (EAA) sponsored by the&#8230;<\/p>\n","protected":false},"featured_media":15417,"comment_status":"open","ping_status":"closed","template":"","meta":{"_acf_changed":false,"_kad_blocks_custom_css":"","_kad_blocks_head_custom_js":"","_kad_blocks_body_custom_js":"","_kad_blocks_footer_custom_js":"","_kadence_starter_templates_imported_post":false,"_kad_post_transparent":"","_kad_post_title":"","_kad_post_layout":"","_kad_post_sidebar_id":"","_kad_post_content_style":"","_kad_post_vertical_padding":"","_kad_post_feature":"","_kad_post_feature_position":"","_kad_post_header":false,"_kad_post_footer":false},"product_brand":[],"product_cat":[369,405,359],"product_tag":[395],"class_list":{"0":"post-15375","1":"product","2":"type-product","3":"status-publish","4":"has-post-thumbnail","6":"product_cat-archeology","7":"product_cat-middle-ages","8":"product_cat-our-publications","9":"product_tag-archeology","11":"first","12":"instock","13":"taxable","14":"shipping-taxable","15":"purchasable","16":"product-type-simple","17":"entry","18":"content-bg","19":"loop-entry"},"acf":[],"taxonomy_info":{"product_cat":[{"value":369,"label":"Archeology"},{"value":405,"label":"Middle Ages"},{"value":359,"label":"Our publications"}],"product_tag":[{"value":395,"label":"archeology"}]},"featured_image_src_large":["https:\/\/ypp.com.pl\/wp-content\/uploads\/2025\/11\/ut-cover-1.jpg",1024,1024,false],"author_info":[],"comment_info":0,"_links":{"self":[{"href":"https:\/\/ypp.com.pl\/en\/wp-json\/wp\/v2\/product\/15375","targetHints":{"allow":["GET"]}}],"collection":[{"href":"https:\/\/ypp.com.pl\/en\/wp-json\/wp\/v2\/product"}],"about":[{"href":"https:\/\/ypp.com.pl\/en\/wp-json\/wp\/v2\/types\/product"}],"replies":[{"embeddable":true,"href":"https:\/\/ypp.com.pl\/en\/wp-json\/wp\/v2\/comments?post=15375"}],"wp:featuredmedia":[{"embeddable":true,"href":"https:\/\/ypp.com.pl\/en\/wp-json\/wp\/v2\/media\/15417"}],"wp:attachment":[{"href":"https:\/\/ypp.com.pl\/en\/wp-json\/wp\/v2\/media?parent=15375"}],"wp:term":[{"taxonomy":"product_brand","embeddable":true,"href":"https:\/\/ypp.com.pl\/en\/wp-json\/wp\/v2\/product_brand?post=15375"},{"taxonomy":"product_cat","embeddable":true,"href":"https:\/\/ypp.com.pl\/en\/wp-json\/wp\/v2\/product_cat?post=15375"},{"taxonomy":"product_tag","embeddable":true,"href":"https:\/\/ypp.com.pl\/en\/wp-json\/wp\/v2\/product_tag?post=15375"}],"curies":[{"name":"wp","href":"https:\/\/api.w.org\/{rel}","templated":true}]}}