{"id":6294,"date":"2024-04-17T18:02:56","date_gmt":"2024-04-17T16:02:56","guid":{"rendered":"https:\/\/ypp.lukaszwronski.com\/archeologicke-rozhledy-lxxiii-2021-1\/"},"modified":"2024-06-13T17:18:22","modified_gmt":"2024-06-13T15:18:22","slug":"archeologicke-rozhledy-lxxiii-2021-1","status":"publish","type":"product","link":"https:\/\/ypp.com.pl\/en\/archeologicke-rozhledy-lxxiii-2021-1\/","title":{"rendered":"Archeologick\u00e9 rozhledy LXXIII (2021) &#8211; 1"},"content":{"rendered":"\n<p>Table of contents<\/p>\n\n<p>S\u00eddli\u0161t\u011b a poh\u0159ebi\u0161t\u011b kultury n\u00e1levkovit\u00fdch poh\u00e1r\u016f v Dambo\u0159ic\u00edch, okr. Hodon\u00edn. P\u0159\u00edsp\u011bvek k pozn\u00e1n\u00ed poh\u0159ebi\u0161\u0165 s poh\u0159by v nata\u017een\u00e9 poloze \/ A Funnel Beaker settlement and cemetery in Dambo\u0159ice, South Moravia. A contribution to knowledge of cemeteries with burials in an extended position<\/p>\n\n<p>Miroslav \u0160m\u00edd \u2013 Marek Le\u010dbych \u2013 Jarom\u00edr \u0160merda \u2013 Ji\u0159\u00ed Kala \u2013 Petr Limbursk\u00fd<\/p>\n\n<p>Archeologick\u00e9 rozhledy LXXIII (2021), 3-47<\/p>\n\n<p>Neue und wiederentdeckte Griffzungendolche mit Ringabschluss. Die Verbreitung einer sp\u00e4tbronzezeitlichen Innovation in Mitteleuropa \/ New and rediscovered tanged daggers with ring-shaped handle tip. The spread of a Late Bronze Age innovation in Central Europe<\/p>\n\n<p>Eszter Fej\u00e9r<\/p>\n\n<p>Archeologick\u00e9 rozhledy LXXIII (2021), 48-71<\/p>\n\n<p>Kor\u00e1liky z germ\u00e1nskej rezidencie v C\u00edferi-P\u00e1ci (juhoz\u00e1padn\u00e9 Slovensko) \/ Beads from the Germanic residence at C\u00edfer-P\u00e1c (southwest Slovakia)<\/p>\n\n<p>Vladim\u00edr Varsik \u2013 \u013dudmila Ill\u00e1\u0161ov\u00e1 \u2013 J\u00e1n \u0160tub\u0148a<\/p>\n\n<p>Archeologick\u00e9 rozhledy LXXIII (2021), 72-101<\/p>\n\n<p>Novov\u011bk\u00fd vojensk\u00fd t\u00e1bor jako archeologick\u00e1 lokalita. V\u00fdzkum poln\u00edho le\u017een\u00ed v Semonic\u00edch u Jarom\u011b\u0159e (okr. N\u00e1chod) \/ An Early Modern military camp as an archaeological site. The excavation of the field camp in Jarom\u011b\u0159\u2013Semonice (northeast Bohemia)<\/p>\n\n<p>Pavel Drnovsk\u00fd \u2013 Petr Hejhal \u2013 Erika Pr\u016fchov\u00e1<\/p>\n\n<p>Archeologick\u00e9 rozhledy LXXIII (2021), 102-141<\/p>\n\n<p>Nov\u00e9 publikace \/ New publications<\/p>\n\n<p>Archeologick\u00e9 rozhledy LXXIII (2021), 142-160<\/p>\n","protected":false},"excerpt":{"rendered":"<p>Table of contents S\u00eddli\u0161t\u011b a poh\u0159ebi\u0161t\u011b kultury n\u00e1levkovit\u00fdch poh\u00e1r\u016f v Dambo\u0159ic\u00edch, okr. Hodon\u00edn. P\u0159\u00edsp\u011bvek k pozn\u00e1n\u00ed poh\u0159ebi\u0161\u0165 s poh\u0159by v nata\u017een\u00e9 poloze \/ A Funnel Beaker settlement and cemetery in Dambo\u0159ice, South Moravia. A contribution to knowledge of cemeteries with burials in an extended position Miroslav \u0160m\u00edd \u2013 Marek Le\u010dbych \u2013 Jarom\u00edr \u0160merda \u2013 Ji\u0159\u00ed&#8230;<\/p>\n","protected":false},"featured_media":4461,"comment_status":"open","ping_status":"closed","template":"","meta":{"_acf_changed":false,"_kad_blocks_custom_css":"","_kad_blocks_head_custom_js":"","_kad_blocks_body_custom_js":"","_kad_blocks_footer_custom_js":"","_kadence_starter_templates_imported_post":false,"_kad_post_transparent":"","_kad_post_title":"","_kad_post_layout":"","_kad_post_sidebar_id":"","_kad_post_content_style":"","_kad_post_vertical_padding":"","_kad_post_feature":"","_kad_post_feature_position":"","_kad_post_header":false,"_kad_post_footer":false},"product_brand":[],"product_cat":[369,390],"product_tag":[],"class_list":{"0":"post-6294","1":"product","2":"type-product","3":"status-publish","4":"has-post-thumbnail","6":"product_cat-archeology","7":"product_cat-czech-literature","8":"pa_wydawca-archeologicky-ustav-av-cr-en","10":"first","11":"instock","12":"taxable","13":"shipping-taxable","14":"purchasable","15":"product-type-simple","16":"entry","17":"content-bg","18":"loop-entry"},"acf":[],"taxonomy_info":{"product_cat":[{"value":369,"label":"Archeology"},{"value":390,"label":"Czech literature"}],"pa_wydawca":[{"value":473,"label":"Archeologick\u00fd \u00fastav AV \u010cR"}]},"featured_image_src_large":["https:\/\/ypp.com.pl\/wp-content\/uploads\/2024\/03\/archeologickie-rozhledy-1024x1024.jpg",1024,1024,true],"author_info":[],"comment_info":0,"_links":{"self":[{"href":"https:\/\/ypp.com.pl\/en\/wp-json\/wp\/v2\/product\/6294","targetHints":{"allow":["GET"]}}],"collection":[{"href":"https:\/\/ypp.com.pl\/en\/wp-json\/wp\/v2\/product"}],"about":[{"href":"https:\/\/ypp.com.pl\/en\/wp-json\/wp\/v2\/types\/product"}],"replies":[{"embeddable":true,"href":"https:\/\/ypp.com.pl\/en\/wp-json\/wp\/v2\/comments?post=6294"}],"wp:featuredmedia":[{"embeddable":true,"href":"https:\/\/ypp.com.pl\/en\/wp-json\/wp\/v2\/media\/4461"}],"wp:attachment":[{"href":"https:\/\/ypp.com.pl\/en\/wp-json\/wp\/v2\/media?parent=6294"}],"wp:term":[{"taxonomy":"product_brand","embeddable":true,"href":"https:\/\/ypp.com.pl\/en\/wp-json\/wp\/v2\/product_brand?post=6294"},{"taxonomy":"product_cat","embeddable":true,"href":"https:\/\/ypp.com.pl\/en\/wp-json\/wp\/v2\/product_cat?post=6294"},{"taxonomy":"product_tag","embeddable":true,"href":"https:\/\/ypp.com.pl\/en\/wp-json\/wp\/v2\/product_tag?post=6294"}],"curies":[{"name":"wp","href":"https:\/\/api.w.org\/{rel}","templated":true}]}}