{"id":6301,"date":"2024-04-17T18:03:10","date_gmt":"2024-04-17T16:03:10","guid":{"rendered":"https:\/\/ypp.lukaszwronski.com\/archeologie-pravekych-cech-sv-1-8\/"},"modified":"2024-07-05T22:21:38","modified_gmt":"2024-07-05T20:21:38","slug":"archeologie-pravekych-cech-sv-1-8","status":"publish","type":"product","link":"https:\/\/ypp.com.pl\/en\/archeologie-pravekych-cech-sv-1-8\/","title":{"rendered":"Archeologie prav\u011bk\u00fdch \u010cech. Sv. 1-8"},"content":{"rendered":"\n<p>Najobszerniejsze dotychczas o\u015bmiotomowe kompendium czeskiej prehistorii podsumowuje aktualn\u0105 wiedz\u0119, daje przegl\u0105d \u017ar\u00f3de\u0142, zadawanych pyta\u0144 i opinii na temat interpretacji uzyskanych danych. Pokazuje, na czym mo\u017cna si\u0119 oprze\u0107, kt\u00f3re podej\u015bcia wydaj\u0105 si\u0119 obiecuj\u0105ce, a kt\u00f3re obszary powinny by\u0107 przedmiotem nowych bada\u0144 i projekt\u00f3w konserwatorskich. Tom wst\u0119pny wprowadza w teori\u0119 i metod\u0119 archeologii, kontekst przyrodniczy kultur prehistorycznych, antropologi\u0119 populacji prehistorycznych oraz zarz\u0105dzanie dziedzictwem archeologicznym. Tomy 2-8 po\u015bwi\u0119cone s\u0105 systematycznej interpretacji poszczeg\u00f3lnych okres\u00f3w prehistorii. Maj\u0105 one formalnie identyczn\u0105 struktur\u0119, ale podstawy teoretyczne, podej\u015bcia metodologiczne i nacisk na poszczeg\u00f3lne tematy r\u00f3\u017cni\u0105 si\u0119 w zale\u017cno\u015bci od koncepcji poszczeg\u00f3lnych redaktor\u00f3w i zespo\u0142\u00f3w autorskich.<\/p>\n","protected":false},"excerpt":{"rendered":"<p>Najobszerniejsze dotychczas o\u015bmiotomowe kompendium czeskiej prehistorii podsumowuje aktualn\u0105 wiedz\u0119, daje przegl\u0105d \u017ar\u00f3de\u0142, zadawanych pyta\u0144 i opinii na temat interpretacji uzyskanych danych. Pokazuje, na czym mo\u017cna si\u0119 oprze\u0107, kt\u00f3re podej\u015bcia wydaj\u0105 si\u0119 obiecuj\u0105ce, a kt\u00f3re obszary powinny by\u0107 przedmiotem nowych bada\u0144 i projekt\u00f3w konserwatorskich. Tom wst\u0119pny wprowadza w teori\u0119 i metod\u0119 archeologii, kontekst przyrodniczy kultur prehistorycznych,&#8230;<\/p>\n","protected":false},"featured_media":14174,"comment_status":"open","ping_status":"closed","template":"","meta":{"_acf_changed":false,"_kad_blocks_custom_css":"","_kad_blocks_head_custom_js":"","_kad_blocks_body_custom_js":"","_kad_blocks_footer_custom_js":"","_kadence_starter_templates_imported_post":false,"_kad_post_transparent":"","_kad_post_title":"","_kad_post_layout":"","_kad_post_sidebar_id":"","_kad_post_content_style":"","_kad_post_vertical_padding":"","_kad_post_feature":"","_kad_post_feature_position":"","_kad_post_header":false,"_kad_post_footer":false},"product_brand":[],"product_cat":[369,390],"product_tag":[],"class_list":{"0":"post-6301","1":"product","2":"type-product","3":"status-publish","4":"has-post-thumbnail","6":"product_cat-archeology","7":"product_cat-czech-literature","8":"pa_wydawca-archeologicky-ustav-av-cr-praha-v-v-i-en","10":"first","11":"instock","12":"taxable","13":"shipping-taxable","14":"purchasable","15":"product-type-simple","16":"entry","17":"content-bg","18":"loop-entry"},"acf":[],"taxonomy_info":{"product_cat":[{"value":369,"label":"Archeology"},{"value":390,"label":"Czech literature"}],"pa_wydawca":[{"value":411,"label":"Archeologick\u00fd \u00fastav AV \u010cR, Praha, v.v.i."}]},"featured_image_src_large":["https:\/\/ypp.com.pl\/wp-content\/uploads\/2024\/04\/2945-kopia-1024x1024.jpg",1024,1024,true],"author_info":[],"comment_info":0,"_links":{"self":[{"href":"https:\/\/ypp.com.pl\/en\/wp-json\/wp\/v2\/product\/6301","targetHints":{"allow":["GET"]}}],"collection":[{"href":"https:\/\/ypp.com.pl\/en\/wp-json\/wp\/v2\/product"}],"about":[{"href":"https:\/\/ypp.com.pl\/en\/wp-json\/wp\/v2\/types\/product"}],"replies":[{"embeddable":true,"href":"https:\/\/ypp.com.pl\/en\/wp-json\/wp\/v2\/comments?post=6301"}],"wp:featuredmedia":[{"embeddable":true,"href":"https:\/\/ypp.com.pl\/en\/wp-json\/wp\/v2\/media\/14174"}],"wp:attachment":[{"href":"https:\/\/ypp.com.pl\/en\/wp-json\/wp\/v2\/media?parent=6301"}],"wp:term":[{"taxonomy":"product_brand","embeddable":true,"href":"https:\/\/ypp.com.pl\/en\/wp-json\/wp\/v2\/product_brand?post=6301"},{"taxonomy":"product_cat","embeddable":true,"href":"https:\/\/ypp.com.pl\/en\/wp-json\/wp\/v2\/product_cat?post=6301"},{"taxonomy":"product_tag","embeddable":true,"href":"https:\/\/ypp.com.pl\/en\/wp-json\/wp\/v2\/product_tag?post=6301"}],"curies":[{"name":"wp","href":"https:\/\/api.w.org\/{rel}","templated":true}]}}